{"id":1297,"date":"2017-10-16T22:41:48","date_gmt":"2017-10-17T02:41:48","guid":{"rendered":"https:\/\/www.evoto.ca\/faq\/"},"modified":"2018-02-07T18:06:23","modified_gmt":"2018-02-07T23:06:23","slug":"faq","status":"publish","type":"page","link":"https:\/\/www.evoto.ca\/fr\/faq\/","title":{"rendered":"FAQ"},"content":{"rendered":"[vc_row type=\u00a0\u00bbfull_width_background\u00a0\u00bb full_screen_row_position=\u00a0\u00bbmiddle\u00a0\u00bb bg_color=\u00a0\u00bb#101010&Prime; scene_position=\u00a0\u00bbcenter\u00a0\u00bb text_color=\u00a0\u00bbdark\u00a0\u00bb text_align=\u00a0\u00bbleft\u00a0\u00bb top_padding=\u00a0\u00bb2%\u00a0\u00bb bottom_padding=\u00a0\u00bb2%\u00a0\u00bb overlay_strength=\u00a0\u00bb0.3&Prime; shape_divider_position=\u00a0\u00bbbottom\u00a0\u00bb shape_type=\u00a0\u00bb\u00a0\u00bb][vc_column column_padding=\u00a0\u00bbno-extra-padding\u00a0\u00bb column_padding_position=\u00a0\u00bball\u00a0\u00bb background_color_opacity=\u00a0\u00bb1&Prime; background_hover_color_opacity=\u00a0\u00bb1&Prime; column_shadow=\u00a0\u00bbnone\u00a0\u00bb column_border_radius=\u00a0\u00bbnone\u00a0\u00bb width=\u00a0\u00bb1\/6&Prime; tablet_text_alignment=\u00a0\u00bbdefault\u00a0\u00bb phone_text_alignment=\u00a0\u00bbdefault\u00a0\u00bb column_border_width=\u00a0\u00bbnone\u00a0\u00bb column_border_style=\u00a0\u00bbsolid\u00a0\u00bb][\/vc_column][vc_column column_padding=\u00a0\u00bbno-extra-padding\u00a0\u00bb column_padding_position=\u00a0\u00bball\u00a0\u00bb background_color_opacity=\u00a0\u00bb1&Prime; background_hover_color_opacity=\u00a0\u00bb1&Prime; column_shadow=\u00a0\u00bbnone\u00a0\u00bb column_border_radius=\u00a0\u00bbnone\u00a0\u00bb width=\u00a0\u00bb2\/3&Prime; tablet_text_alignment=\u00a0\u00bbdefault\u00a0\u00bb phone_text_alignment=\u00a0\u00bbdefault\u00a0\u00bb column_border_width=\u00a0\u00bbnone\u00a0\u00bb column_border_style=\u00a0\u00bbsolid\u00a0\u00bb][vc_custom_heading text=\u00a0\u00bbFoires aux questions\u00a0\u00bb font_container=\u00a0\u00bbtag:h2|text_align:center|color:%23dd3b30&Prime; use_theme_fonts=\u00a0\u00bbyes\u00a0\u00bb][vc_column_text]\n<p style=\"text-align: center;\"><span style=\"color: #ffffff;\">Voici les questions les plus courantes que nous recevons<br \/>\nSi vous avez encore des questions, des textes, des e-mails ou appelez-nous<\/span><\/p>\n[\/vc_column_text][divider line_type=\u00a0\u00bbNo Line\u00a0\u00bb custom_height=\u00a0\u00bb60&Prime;][vc_row_inner column_margin=\u00a0\u00bbdefault\u00a0\u00bb top_padding=\u00a0\u00bb1%\u00a0\u00bb bottom_padding=\u00a0\u00bb1%\u00a0\u00bb text_align=\u00a0\u00bbleft\u00a0\u00bb][vc_column_inner column_padding=\u00a0\u00bbpadding-2-percent\u00a0\u00bb column_padding_position=\u00a0\u00bbleft\u00a0\u00bb background_color_opacity=\u00a0\u00bb1&Prime; background_hover_color_opacity=\u00a0\u00bb1&Prime; column_shadow=\u00a0\u00bbnone\u00a0\u00bb column_border_radius=\u00a0\u00bbnone\u00a0\u00bb width=\u00a0\u00bb1\/1&Prime; column_border_width=\u00a0\u00bbnone\u00a0\u00bb column_border_style=\u00a0\u00bbsolid\u00a0\u00bb][vc_column_text]\n<h3><span style=\"color: #dd3b30;\">FAQ 1. Offrez-vous des locations de voitures \u00e0 long terme sur vos voitures?<\/span><\/h3>\n[\/vc_column_text][vc_column_text]<span style=\"color: #ffffff;\">Malheureusement non. Nous sommes une entreprise de location de voitures \u00e0 court terme.<br \/>\nNous n&rsquo;offrons pas de location de plus de 1 mois<\/span>[\/vc_column_text][divider line_type=\u00a0\u00bbNo Line\u00a0\u00bb custom_height=\u00a0\u00bb30&Prime;][\/vc_column_inner][\/vc_row_inner][vc_row_inner column_margin=\u00a0\u00bbdefault\u00a0\u00bb top_padding=\u00a0\u00bb1%\u00a0\u00bb text_align=\u00a0\u00bbleft\u00a0\u00bb][vc_column_inner column_padding=\u00a0\u00bbpadding-2-percent\u00a0\u00bb column_padding_position=\u00a0\u00bbleft\u00a0\u00bb background_color_opacity=\u00a0\u00bb1&Prime; background_hover_color_opacity=\u00a0\u00bb1&Prime; column_shadow=\u00a0\u00bbnone\u00a0\u00bb column_border_radius=\u00a0\u00bbnone\u00a0\u00bb width=\u00a0\u00bb1\/1&Prime; column_border_width=\u00a0\u00bbnone\u00a0\u00bb column_border_style=\u00a0\u00bbsolid\u00a0\u00bb][vc_column_text]\n<h3 style=\"text-align: left;\"><span style=\"color: #dd3b30;\">FAQ 2. Jusqu&rsquo;o\u00f9 puis-je aller sur une seule charge?<\/span><\/h3>\n[\/vc_column_text][vc_column_text]<span style=\"color: #ffffff;\">Sur une charge compl\u00e8te le Model S obtient 400Km et le Model X obtient 350Km mais nous vous recommandons de planifier 50Km en tout temps.<\/span>\u00a0<span style=\"color: #ffffff;\">Il n&rsquo;est pas id\u00e9al que la batterie se charge \u00e0 100%, alors chargez-la toujours \u00e0 85% ou 90%. Il n&rsquo;est \u00e9galement pas id\u00e9al de d\u00e9grader la batterie moins de 30%<\/span>[\/vc_column_text][divider line_type=\u00a0\u00bbNo Line\u00a0\u00bb custom_height=\u00a0\u00bb30&Prime;][\/vc_column_inner][\/vc_row_inner][vc_row_inner column_margin=\u00a0\u00bbdefault\u00a0\u00bb top_padding=\u00a0\u00bb1%\u00a0\u00bb text_align=\u00a0\u00bbleft\u00a0\u00bb][vc_column_inner column_padding=\u00a0\u00bbpadding-2-percent\u00a0\u00bb column_padding_position=\u00a0\u00bbleft\u00a0\u00bb background_color_opacity=\u00a0\u00bb1&Prime; background_hover_color_opacity=\u00a0\u00bb1&Prime; column_shadow=\u00a0\u00bbnone\u00a0\u00bb column_border_radius=\u00a0\u00bbnone\u00a0\u00bb width=\u00a0\u00bb1\/1&Prime; column_border_width=\u00a0\u00bbnone\u00a0\u00bb column_border_style=\u00a0\u00bbsolid\u00a0\u00bb][vc_column_text]\n<h3 style=\"text-align: left;\"><span style=\"color: #dd3b30;\">FAQ 3. Dois-je payer un\u00a0d\u00e9p\u00f4t?<\/span><\/h3>\n[\/vc_column_text][vc_column_text]<span style=\"color: #ffffff;\">Il y a un d\u00e9p\u00f4t de garantie de 2 000 $ ou 2 500 $ pris le jour de la location.<\/span><br \/>\n<span style=\"color: #ffffff;\">Ce montant est pr\u00e9autoris\u00e9 ou \u00abgel\u00e9\u00bb sur votre carte de cr\u00e9dit<\/span>[\/vc_column_text][divider line_type=\u00a0\u00bbNo Line\u00a0\u00bb custom_height=\u00a0\u00bb30&Prime;][\/vc_column_inner][\/vc_row_inner][vc_row_inner column_margin=\u00a0\u00bbdefault\u00a0\u00bb top_padding=\u00a0\u00bb1%\u00a0\u00bb text_align=\u00a0\u00bbleft\u00a0\u00bb][vc_column_inner column_padding=\u00a0\u00bbpadding-2-percent\u00a0\u00bb column_padding_position=\u00a0\u00bbleft\u00a0\u00bb background_color_opacity=\u00a0\u00bb1&Prime; background_hover_color_opacity=\u00a0\u00bb1&Prime; column_shadow=\u00a0\u00bbnone\u00a0\u00bb column_border_radius=\u00a0\u00bbnone\u00a0\u00bb width=\u00a0\u00bb1\/1&Prime; column_border_width=\u00a0\u00bbnone\u00a0\u00bb column_border_style=\u00a0\u00bbsolid\u00a0\u00bb][vc_column_text]\n<h3 style=\"text-align: left;\"><span style=\"color: #dd3b30;\">FAQ 4. L&rsquo;assistance routi\u00e8re est-elle incluse<\/span><span style=\"color: #dd3b30;\">?<\/span><\/h3>\n[\/vc_column_text][vc_column_text]<span style=\"color: #ffffff;\">Oui. L&rsquo;assistance routi\u00e8re est incluse<\/span><br \/>\n<span style=\"color: #ffffff;\">Cependant, le REMORQUAGE D\u00db \u00c0 LA FINITION DE LA BATTERIE N&rsquo;EST PAS COUVERT PAR UNE ASSISTANCE ROUTI\u00c8RE<\/span><br \/>\n<span style=\"color: #ffffff;\">Il y a des frais de $ 300<\/span>[\/vc_column_text][divider line_type=\u00a0\u00bbNo Line\u00a0\u00bb custom_height=\u00a0\u00bb30&Prime;][\/vc_column_inner][\/vc_row_inner][vc_row_inner column_margin=\u00a0\u00bbdefault\u00a0\u00bb top_padding=\u00a0\u00bb1%\u00a0\u00bb text_align=\u00a0\u00bbleft\u00a0\u00bb][vc_column_inner column_padding=\u00a0\u00bbpadding-2-percent\u00a0\u00bb column_padding_position=\u00a0\u00bball\u00a0\u00bb background_color_opacity=\u00a0\u00bb1&Prime; background_hover_color_opacity=\u00a0\u00bb1&Prime; column_shadow=\u00a0\u00bbnone\u00a0\u00bb column_border_radius=\u00a0\u00bbnone\u00a0\u00bb width=\u00a0\u00bb1\/1&Prime; column_border_width=\u00a0\u00bbnone\u00a0\u00bb column_border_style=\u00a0\u00bbsolid\u00a0\u00bb][vc_column_text]\n<h3 style=\"text-align: left;\"><span style=\"color: #dd3b30;\">FAQ 5. Puis-je ajouter un conducteur secondaire<\/span><span style=\"color: #dd3b30;\">?<\/span><\/h3>\n[\/vc_column_text][vc_column_text]<span style=\"color: #ffffff;\">Oui, vous pouvez ajouter un autre pilote gratuitement &#8211; s&rsquo;ils ont plus de 25 ans.<\/span><br \/>\n<span style=\"color: #ffffff;\">Personne d&rsquo;autre ne devrait conduire la voiture sauf ceux qui ont sign\u00e9 le contrat de location<\/span>[\/vc_column_text][divider line_type=\u00a0\u00bbNo Line\u00a0\u00bb custom_height=\u00a0\u00bb30&Prime;][\/vc_column_inner][\/vc_row_inner][vc_row_inner column_margin=\u00a0\u00bbdefault\u00a0\u00bb top_padding=\u00a0\u00bb1%\u00a0\u00bb text_align=\u00a0\u00bbleft\u00a0\u00bb][vc_column_inner column_padding=\u00a0\u00bbpadding-2-percent\u00a0\u00bb column_padding_position=\u00a0\u00bbleft\u00a0\u00bb background_color_opacity=\u00a0\u00bb1&Prime; background_hover_color_opacity=\u00a0\u00bb1&Prime; column_shadow=\u00a0\u00bbnone\u00a0\u00bb column_border_radius=\u00a0\u00bbnone\u00a0\u00bb width=\u00a0\u00bb1\/1&Prime; column_border_width=\u00a0\u00bbnone\u00a0\u00bb column_border_style=\u00a0\u00bbsolid\u00a0\u00bb][vc_column_text]\n<h3 style=\"text-align: left;\"><span style=\"color: #dd3b30;\">FAQ 6. Quels documents dois-je avoir au ramassage?<\/span><\/h3>\n[\/vc_column_text][vc_column_text]<span style=\"color: #ffffff;\">Nous avons juste besoin de votre carte de cr\u00e9dit pour le d\u00e9p\u00f4t de garantie. Nous aurons besoin de voir votre photo de permis de conduire si vous ne l&rsquo;aviez pas encore envoy\u00e9 \u00e0 notre courriel hello@evoto.ca<\/span>[\/vc_column_text][divider line_type=\u00a0\u00bbNo Line\u00a0\u00bb custom_height=\u00a0\u00bb30&Prime;][\/vc_column_inner][\/vc_row_inner][vc_row_inner column_margin=\u00a0\u00bbdefault\u00a0\u00bb top_padding=\u00a0\u00bb1%\u00a0\u00bb text_align=\u00a0\u00bbleft\u00a0\u00bb][vc_column_inner column_padding=\u00a0\u00bbpadding-2-percent\u00a0\u00bb column_padding_position=\u00a0\u00bbleft\u00a0\u00bb background_color_opacity=\u00a0\u00bb1&Prime; background_hover_color_opacity=\u00a0\u00bb1&Prime; column_shadow=\u00a0\u00bbnone\u00a0\u00bb column_border_radius=\u00a0\u00bbnone\u00a0\u00bb width=\u00a0\u00bb1\/1&Prime; column_border_width=\u00a0\u00bbnone\u00a0\u00bb column_border_style=\u00a0\u00bbsolid\u00a0\u00bb][vc_column_text]\n<h3 style=\"text-align: left;\"><span style=\"color: #dd3b30;\">FAQ 7. Quelle est la politique de chargement?<\/span><\/h3>\n[\/vc_column_text][vc_column_text]<span style=\"color: #ffffff;\">Vous devez renvoyer la voiture avec au moins 50km de batterie<\/span><br \/>\n<span style=\"color: #ffffff;\">Normalement, lorsque vous chargez la voiture, vous ne devriez jamais charger \u00e0 100%<br \/>\nToujours garder une sauvegarde de 50km<\/span>[\/vc_column_text][divider line_type=\u00a0\u00bbNo Line\u00a0\u00bb custom_height=\u00a0\u00bb30&Prime;][\/vc_column_inner][\/vc_row_inner][vc_row_inner column_margin=\u00a0\u00bbdefault\u00a0\u00bb top_padding=\u00a0\u00bb1%\u00a0\u00bb text_align=\u00a0\u00bbleft\u00a0\u00bb][vc_column_inner column_padding=\u00a0\u00bbpadding-2-percent\u00a0\u00bb column_padding_position=\u00a0\u00bball\u00a0\u00bb background_color_opacity=\u00a0\u00bb1&Prime; background_hover_color_opacity=\u00a0\u00bb1&Prime; column_shadow=\u00a0\u00bbnone\u00a0\u00bb column_border_radius=\u00a0\u00bbnone\u00a0\u00bb width=\u00a0\u00bb1\/1&Prime; column_border_width=\u00a0\u00bbnone\u00a0\u00bb column_border_style=\u00a0\u00bbsolid\u00a0\u00bb][vc_column_text]\n<h3 style=\"text-align: left;\"><span style=\"color: #dd3b30;\">FAQ 8. Quelle assurance est incluse? Puis-je utiliser ma propre assurance?<\/span><\/h3>\n[\/vc_column_text][vc_column_text]<span style=\"color: #ffffff;\">L&rsquo;assurance n&rsquo;est pas incluse. Il y a une assurance obligatoire de 50 $ \/ jour<\/span><br \/>\n<span style=\"color: #ffffff;\">Ceci est notre assurance de location de voiture d&rsquo;entreprise. La plupart des assurances de personnes et de cartes de cr\u00e9dit ne couvrent pas des voitures de luxe \u00e9lectrique<\/span>[\/vc_column_text][divider line_type=\u00a0\u00bbNo Line\u00a0\u00bb custom_height=\u00a0\u00bb30&Prime;][\/vc_column_inner][\/vc_row_inner][vc_row_inner column_margin=\u00a0\u00bbdefault\u00a0\u00bb top_padding=\u00a0\u00bb1%\u00a0\u00bb text_align=\u00a0\u00bbleft\u00a0\u00bb][vc_column_inner column_padding=\u00a0\u00bbpadding-2-percent\u00a0\u00bb column_padding_position=\u00a0\u00bbleft\u00a0\u00bb background_color_opacity=\u00a0\u00bb1&Prime; background_hover_color_opacity=\u00a0\u00bb1&Prime; column_shadow=\u00a0\u00bbnone\u00a0\u00bb column_border_radius=\u00a0\u00bbnone\u00a0\u00bb width=\u00a0\u00bb1\/1&Prime; column_border_width=\u00a0\u00bbnone\u00a0\u00bb column_border_style=\u00a0\u00bbsolid\u00a0\u00bb][vc_column_text]\n<h3 style=\"text-align: left;\"><span style=\"color: #dd3b30;\">FAQ 9. Combien va me co\u00fbter pour charger?<\/span><\/h3>\n[\/vc_column_text][vc_column_text]<span style=\"color: #ffffff;\">Cela vous co\u00fbtera z\u00e9ro dollar pour charger votre Tesla<\/span><br \/>\n<span style=\"color: #ffffff;\">La Supercharger de Tesla est gratuite. Veuillez noter que vous devrez payer des frais d&rsquo;inactivit\u00e9 si vous \u00eates toujours branch\u00e9 apr\u00e8s la fin de la charge. Avant de quitter le v\u00e9hicule pour une promenade, v\u00e9rifiez le temps qu&rsquo;il faut pour charger et planifier votre temps afin que vous reveniez \u00e0 la voiture et d\u00e9branchez quand il a fini de charger<\/span>[\/vc_column_text][divider line_type=\u00a0\u00bbNo Line\u00a0\u00bb custom_height=\u00a0\u00bb30&Prime;][\/vc_column_inner][\/vc_row_inner][vc_row_inner column_margin=\u00a0\u00bbdefault\u00a0\u00bb top_padding=\u00a0\u00bb1%\u00a0\u00bb text_align=\u00a0\u00bbleft\u00a0\u00bb][vc_column_inner column_padding=\u00a0\u00bbpadding-2-percent\u00a0\u00bb column_padding_position=\u00a0\u00bbleft\u00a0\u00bb background_color_opacity=\u00a0\u00bb1&Prime; background_hover_color_opacity=\u00a0\u00bb1&Prime; column_shadow=\u00a0\u00bbnone\u00a0\u00bb column_border_radius=\u00a0\u00bbnone\u00a0\u00bb width=\u00a0\u00bb1\/1&Prime; column_border_width=\u00a0\u00bbnone\u00a0\u00bb column_border_style=\u00a0\u00bbsolid\u00a0\u00bb][vc_column_text]\n<h3 style=\"text-align: left;\"><span style=\"color: #dd3b30;\">FAQ 10. Qu&rsquo;est-ce que l&rsquo;\u00e9tiquette de chargement?<\/span><\/h3>\n[\/vc_column_text][vc_column_text]<span style=\"color: #ffffff;\">Ne garez pas la voiture dans un endroit charg\u00e9 si vous ne chargez pas. Ne laissez pas la voiture dans un chargeur apr\u00e8s avoir compl\u00e8tement recharg\u00e9.<\/span><br \/>\n<span style=\"color: #ffffff;\">Vous allez prendre une place de stationnement pr\u00e9cieux et vous pouvez encourir des frais d&rsquo;inactivit\u00e9.<br \/>\nApr\u00e8s votre location se termin\u00e9, s&rsquo;il vous pla\u00eet ne stationner pas\u00a0une voiture d&rsquo;essence ordinaire dans une place de stationnement de charge ou vous seriez toujours connu comme un \u00ab\u00a0GAS-hole\u00a0\u00bb<\/span>[\/vc_column_text][divider line_type=\u00a0\u00bbNo Line\u00a0\u00bb custom_height=\u00a0\u00bb30&Prime;][\/vc_column_inner][\/vc_row_inner][\/vc_column][vc_column column_padding=\u00a0\u00bbno-extra-padding\u00a0\u00bb column_padding_position=\u00a0\u00bball\u00a0\u00bb background_color_opacity=\u00a0\u00bb1&Prime; background_hover_color_opacity=\u00a0\u00bb1&Prime; column_shadow=\u00a0\u00bbnone\u00a0\u00bb column_border_radius=\u00a0\u00bbnone\u00a0\u00bb width=\u00a0\u00bb1\/6&Prime; tablet_text_alignment=\u00a0\u00bbdefault\u00a0\u00bb phone_text_alignment=\u00a0\u00bbdefault\u00a0\u00bb column_border_width=\u00a0\u00bbnone\u00a0\u00bb column_border_style=\u00a0\u00bbsolid\u00a0\u00bb][\/vc_column][\/vc_row][vc_row type=\u00a0\u00bbfull_width_background\u00a0\u00bb full_screen_row_position=\u00a0\u00bbmiddle\u00a0\u00bb bg_image=\u00a0\u00bb361&Prime; bg_position=\u00a0\u00bbcenter bottom\u00a0\u00bb bg_repeat=\u00a0\u00bbno-repeat\u00a0\u00bb scene_position=\u00a0\u00bbcenter\u00a0\u00bb text_color=\u00a0\u00bbcustom\u00a0\u00bb custom_text_color=\u00a0\u00bb#ffffff\u00a0\u00bb text_align=\u00a0\u00bbleft\u00a0\u00bb top_padding=\u00a0\u00bb8%\u00a0\u00bb bottom_padding=\u00a0\u00bb8%\u00a0\u00bb color_overlay=\u00a0\u00bb#000000&Prime; overlay_strength=\u00a0\u00bb0.3&Prime; shape_divider_position=\u00a0\u00bbbottom\u00a0\u00bb shape_type=\u00a0\u00bb\u00a0\u00bb][vc_column column_padding=\u00a0\u00bbno-extra-padding\u00a0\u00bb column_padding_position=\u00a0\u00bball\u00a0\u00bb background_color_opacity=\u00a0\u00bb1&Prime; background_hover_color_opacity=\u00a0\u00bb1&Prime; column_shadow=\u00a0\u00bbnone\u00a0\u00bb column_border_radius=\u00a0\u00bbnone\u00a0\u00bb width=\u00a0\u00bb1\/1&Prime; tablet_text_alignment=\u00a0\u00bbdefault\u00a0\u00bb phone_text_alignment=\u00a0\u00bbdefault\u00a0\u00bb column_border_width=\u00a0\u00bbnone\u00a0\u00bb column_border_style=\u00a0\u00bbsolid\u00a0\u00bb][divider line_type=\u00a0\u00bbNo Line\u00a0\u00bb custom_height=\u00a0\u00bb40&Prime;][vc_column_text]\n<h3><\/h3>\n<h3 style=\"text-align: left;\">Conduire le futur<\/h3>\n[\/vc_column_text][divider line_type=\u00a0\u00bbNo Line\u00a0\u00bb custom_height=\u00a0\u00bb10&Prime;][nectar_btn size=\u00a0\u00bbmedium\u00a0\u00bb button_style=\u00a0\u00bbregular\u00a0\u00bb button_color_2=\u00a0\u00bbAccent-Color\u00a0\u00bb icon_family=\u00a0\u00bbnone\u00a0\u00bb url=\u00a0\u00bbhttps:\/\/www.evoto.ca\/fr\/reservation\/\u00a0\u00bb text=\u00a0\u00bbR\u00c9SERVER\u00a0\u00bb][\/vc_column][\/vc_row]\n","protected":false},"excerpt":{"rendered":"<p>[vc_row type=\u00a0\u00bbfull_width_background\u00a0\u00bb full_screen_row_position=\u00a0\u00bbmiddle\u00a0\u00bb bg_color=\u00a0\u00bb#101010&Prime; scene_position=\u00a0\u00bbcenter\u00a0\u00bb text_color=\u00a0\u00bbdark\u00a0\u00bb text_align=\u00a0\u00bbleft\u00a0\u00bb top_padding=\u00a0\u00bb2%\u00a0\u00bb bottom_padding=\u00a0\u00bb2%\u00a0\u00bb overlay_strength=\u00a0\u00bb0.3&Prime; shape_divider_position=\u00a0\u00bbbottom\u00a0\u00bb shape_type=\u00a0\u00bb\u00a0\u00bb][vc_column column_padding=\u00a0\u00bbno-extra-padding\u00a0\u00bb column_padding_position=\u00a0\u00bball\u00a0\u00bb background_color_opacity=\u00a0\u00bb1&Prime; background_hover_color_opacity=\u00a0\u00bb1&Prime; column_shadow=\u00a0\u00bbnone\u00a0\u00bb column_border_radius=\u00a0\u00bbnone\u00a0\u00bb width=\u00a0\u00bb1\/6&Prime; tablet_text_alignment=\u00a0\u00bbdefault\u00a0\u00bb phone_text_alignment=\u00a0\u00bbdefault\u00a0\u00bb column_border_width=\u00a0\u00bbnone\u00a0\u00bb column_border_style=\u00a0\u00bbsolid\u00a0\u00bb][\/vc_column][vc_column column_padding=\u00a0\u00bbno-extra-padding\u00a0\u00bb column_padding_position=\u00a0\u00bball\u00a0\u00bb background_color_opacity=\u00a0\u00bb1&Prime; background_hover_color_opacity=\u00a0\u00bb1&Prime; column_shadow=\u00a0\u00bbnone\u00a0\u00bb column_border_radius=\u00a0\u00bbnone\u00a0\u00bb width=\u00a0\u00bb2\/3&Prime; tablet_text_alignment=\u00a0\u00bbdefault\u00a0\u00bb phone_text_alignment=\u00a0\u00bbdefault\u00a0\u00bb column_border_width=\u00a0\u00bbnone\u00a0\u00bb column_border_style=\u00a0\u00bbsolid\u00a0\u00bb][vc_custom_heading text=\u00a0\u00bbFoires aux questions\u00a0\u00bb font_container=\u00a0\u00bbtag:h2|text_align:center|color:%23dd3b30&Prime; use_theme_fonts=\u00a0\u00bbyes\u00a0\u00bb][vc_column_text] Voici les questions les plus courantes que nous recevons Si vous avez encore des questions, des textes, des e-mails ou appelez-nous [\/vc_column_text][divider line_type=\u00a0\u00bbNo Line\u00a0\u00bb custom_height=\u00a0\u00bb60&Prime;][vc_row_inner column_margin=\u00a0\u00bbdefault\u00a0\u00bb top_padding=\u00a0\u00bb1%\u00a0\u00bb bottom_padding=\u00a0\u00bb1%\u00a0\u00bb text_align=\u00a0\u00bbleft\u00a0\u00bb][vc_column_inner column_padding=\u00a0\u00bbpadding-2-percent\u00a0\u00bb column_padding_position=\u00a0\u00bbleft\u00a0\u00bb background_color_opacity=\u00a0\u00bb1&Prime; background_hover_color_opacity=\u00a0\u00bb1&Prime; column_shadow=\u00a0\u00bbnone\u00a0\u00bb column_border_radius=\u00a0\u00bbnone\u00a0\u00bb width=\u00a0\u00bb1\/1&Prime; column_border_width=\u00a0\u00bbnone\u00a0\u00bb column_border_style=\u00a0\u00bbsolid\u00a0\u00bb][vc_column_text] FAQ 1. Offrez-vous&#8230;<\/p>\n","protected":false},"author":2,"featured_media":0,"parent":0,"menu_order":0,"comment_status":"closed","ping_status":"closed","template":"","meta":{"footnotes":""},"class_list":["post-1297","page","type-page","status-publish"],"_links":{"self":[{"href":"https:\/\/www.evoto.ca\/fr\/wp-json\/wp\/v2\/pages\/1297","targetHints":{"allow":["GET"]}}],"collection":[{"href":"https:\/\/www.evoto.ca\/fr\/wp-json\/wp\/v2\/pages"}],"about":[{"href":"https:\/\/www.evoto.ca\/fr\/wp-json\/wp\/v2\/types\/page"}],"author":[{"embeddable":true,"href":"https:\/\/www.evoto.ca\/fr\/wp-json\/wp\/v2\/users\/2"}],"replies":[{"embeddable":true,"href":"https:\/\/www.evoto.ca\/fr\/wp-json\/wp\/v2\/comments?post=1297"}],"version-history":[{"count":0,"href":"https:\/\/www.evoto.ca\/fr\/wp-json\/wp\/v2\/pages\/1297\/revisions"}],"wp:attachment":[{"href":"https:\/\/www.evoto.ca\/fr\/wp-json\/wp\/v2\/media?parent=1297"}],"curies":[{"name":"wp","href":"https:\/\/api.w.org\/{rel}","templated":true}]}}