{"id":364,"date":"2017-08-06T18:13:43","date_gmt":"2017-08-06T22:13:43","guid":{"rendered":"https:\/\/www.evoto.ca\/politique-de-livraison\/"},"modified":"2019-02-04T11:32:30","modified_gmt":"2019-02-04T16:32:30","slug":"politique-de-livraison","status":"publish","type":"page","link":"https:\/\/www.evoto.ca\/fr\/politique-de-livraison\/","title":{"rendered":"Politique de livraison"},"content":{"rendered":"[vc_row type=\u00a0\u00bbin_container\u00a0\u00bb full_screen_row_position=\u00a0\u00bbmiddle\u00a0\u00bb scene_position=\u00a0\u00bbcenter\u00a0\u00bb text_color=\u00a0\u00bbdark\u00a0\u00bb text_align=\u00a0\u00bbleft\u00a0\u00bb overlay_strength=\u00a0\u00bb0.3&Prime; shape_divider_position=\u00a0\u00bbbottom\u00a0\u00bb][vc_column column_padding=\u00a0\u00bbno-extra-padding\u00a0\u00bb column_padding_position=\u00a0\u00bball\u00a0\u00bb background_color_opacity=\u00a0\u00bb1&Prime; background_hover_color_opacity=\u00a0\u00bb1&Prime; column_shadow=\u00a0\u00bbnone\u00a0\u00bb column_border_radius=\u00a0\u00bbnone\u00a0\u00bb width=\u00a0\u00bb1\/1&Prime; tablet_text_alignment=\u00a0\u00bbdefault\u00a0\u00bb phone_text_alignment=\u00a0\u00bbdefault\u00a0\u00bb column_border_width=\u00a0\u00bbnone\u00a0\u00bb column_border_style=\u00a0\u00bbsolid\u00a0\u00bb][page_submenu alignment=\u00a0\u00bbcenter\u00a0\u00bb sticky=\u00a0\u00bbtrue\u00a0\u00bb bg_color=\u00a0\u00bb#000000&Prime; link_color=\u00a0\u00bb#dd3b30&Prime;][page_link link_url=\u00a0\u00bbhttps:\/\/www.evoto.ca\/fr\/termes-et-conditions\/\u00a0\u00bb title=\u00a0\u00bbTERMES\u00a0\u00bb id=\u00a0\u00bb1536659837-1-79&Prime; tab_id=\u00a0\u00bb1536659877626-10&Prime;] [\/page_link][page_link link_url=\u00a0\u00bbhttps:\/\/www.evoto.ca\/fr\/politique-de-confidentialite\/\u00a0\u00bb title=\u00a0\u00bbCONFIDENTIALIT\u00c9\u00a0\u00bb id=\u00a0\u00bb1536659837-2-3&Prime; tab_id=\u00a0\u00bb1536659877711-9&Prime;] [\/page_link][page_link title=\u00a0\u00bbREMBOURSEMENT\u00a0\u00bb id=\u00a0\u00bb1536659891085-0-1&Prime; tab_id=\u00a0\u00bb1536659891087-5&Prime; link_url=\u00a0\u00bbhttps:\/\/www.evoto.ca\/fr\/politique-dannulation-et-de-remboursement\/\u00a0\u00bb][\/page_link][page_link title=\u00a0\u00bbLIVRAISON\u00a0\u00bb id=\u00a0\u00bb1536659892086-0-2&Prime; tab_id=\u00a0\u00bb1536659892089-10&Prime; link_url=\u00a0\u00bbhttps:\/\/www.evoto.ca\/fr\/politique-de-livraison\/\u00a0\u00bb][\/page_link][page_link title=\u00a0\u00bbINTERDITS\u00a0\u00bb id=\u00a0\u00bb1536659892867-0-3&Prime; tab_id=\u00a0\u00bb1536659892869-1&Prime; link_url=\u00a0\u00bbhttps:\/\/www.evoto.ca\/fr\/usages-interdits\/\u00a0\u00bb][\/page_link][\/page_submenu][\/vc_column][\/vc_row][vc_row type=\u00a0\u00bbin_container\u00a0\u00bb full_screen_row_position=\u00a0\u00bbmiddle\u00a0\u00bb scene_position=\u00a0\u00bbcenter\u00a0\u00bb text_color=\u00a0\u00bbdark\u00a0\u00bb text_align=\u00a0\u00bbleft\u00a0\u00bb top_padding=\u00a0\u00bb2%\u00a0\u00bb overlay_strength=\u00a0\u00bb0.3&Prime; shape_divider_position=\u00a0\u00bbbottom\u00a0\u00bb][\/vc_row][vc_column column_padding=\u00a0\u00bbno-extra-padding\u00a0\u00bb column_padding_position=\u00a0\u00bball\u00a0\u00bb background_color_opacity=\u00a0\u00bb1&Prime; background_hover_color_opacity=\u00a0\u00bb1&Prime; column_shadow=\u00a0\u00bbnone\u00a0\u00bb column_border_radius=\u00a0\u00bbnone\u00a0\u00bb width=\u00a0\u00bb1\/1&Prime; tablet_text_alignment=\u00a0\u00bbdefault\u00a0\u00bb phone_text_alignment=\u00a0\u00bbdefault\u00a0\u00bb column_border_width=\u00a0\u00bbnone\u00a0\u00bb column_border_style=\u00a0\u00bbsolid\u00a0\u00bb][\/vc_column][vc_column_text]\n<h4><span style=\"color: #dd3b30;\">Politique de location r\u00e9gissant la livraison de voiture (Pick up &amp; Drop Off)<br \/>\n<\/span>Chez Evoto, nous croyons qu&rsquo;il faut offrir le meilleur service \u00e0 nos clients et rendre l&rsquo;exp\u00e9rience de location aussi confortable que possible. Pour cela, Evoto offre la possibilit\u00e9 (le cas \u00e9ch\u00e9ant) de livrer la voiture de location r\u00e9serv\u00e9e au locataire \u00e0 l&rsquo;endroit de son choix, conform\u00e9ment \u00e0 la date et \u00e0 l&rsquo;heure r\u00e9serv\u00e9es du v\u00e9hicule, permettant ainsi au client de prendre et de d\u00e9poser la location. o\u00f9 ils veulent.<\/h4>\n<h4><span style=\"color: #dd3b30;\">(a)<\/span> Les emplacements de choix pour le ramassage sont limit\u00e9s \u00e0 l\u2019a\u00e9roport international Montr\u00e9al-Pierre Elliot Trudeau et \u00e0 tout emplacement ayant une place de stationnement l\u00e9gale \u00e0 moins de 10 km du centre-ville de Montr\u00e9al.<\/h4>\n<h4><span style=\"color: #dd3b30;\">(b)<\/span> Evoto se r\u00e9serve le droit de fournir le service de livraison aux clients ou d&rsquo;annuler le service de livraison de voiture compl\u00e9mentaire \u00e0 notre discr\u00e9tion. Evoto se r\u00e9serve le droit de facturer des frais suppl\u00e9mentaires pour ce service. Cela d\u00e9pendra de chaque demande de ramassage, de son emplacement, de l&rsquo;heure et de la disponibilit\u00e9 du personnel.<\/h4>\n<h4><span style=\"color: #dd3b30;\">(c)<\/span> Le client doit contacter Evoto en cas de probl\u00e8me susceptible d&rsquo;entra\u00eener une modification des heures de collecte ou de livraison. Si les modifications n\u00e9cessitent une annulation, les conditions de la politique d&rsquo;annulation et de remboursement seront appliqu\u00e9es. Si les modifications n\u00e9cessitent une extension, les frais s&rsquo;appliquent selon les conditions convenues lors de la r\u00e9servation. Si le client a plus d&rsquo;une heure de retard sur l&rsquo;horaire, il n&rsquo;a pas communiqu\u00e9 \u00e0 Evoto le retard. Evoto consid\u00e9rera la r\u00e9servation comme un No Show, dans laquelle sera trait\u00e9e selon la politique d&rsquo;annulation et de remboursement.<\/h4>\n<h4><span style=\"color: #dd3b30;\">(d)<\/span> Evoto livrera le v\u00e9hicule \u00e0 l&rsquo;a\u00e9roport international Pierre Elliott Trudeau de Montr\u00e9al pour qu&rsquo;un voyageur vienne le chercher \u00e0 son arriv\u00e9e, \u00e0 condition que le client fournisse des informations pr\u00e9cises (num\u00e9ro de vol et date et heure d&rsquo;arriv\u00e9e). Dans le cas d&rsquo;un retard de vol caus\u00e9 par la compagnie a\u00e9rienne, l&rsquo;heure de ramassage sera ajust\u00e9e en cons\u00e9quence, sans frais suppl\u00e9mentaires. Une fois le vol arriv\u00e9, il y aura une p\u00e9riode d&rsquo;attente de 2 heures pour le ramassage apr\u00e8s l&rsquo;arriv\u00e9e et sera consid\u00e9r\u00e9 comme un No Show conform\u00e9ment \u00e0 la politique d&rsquo;annulation et de remboursement.<\/h4>\n<h4>En cas de retard de livraison dans les lieux convenus, si le client est en retard d&rsquo;une heure apr\u00e8s l&rsquo;heure d&rsquo;arriv\u00e9e pr\u00e9vue, des frais de retard seront factur\u00e9s. Cette taxe correspondra \u00e0 50% du tarif journalier dans lequel le client a lou\u00e9, taxes comprises. Evoto se r\u00e9serve le droit de facturer ou de renoncer aux frais de remise tardive \u00e0 notre discr\u00e9tion et en fonction de chaque cas.<\/h4>\n[\/vc_column_text]\n","protected":false},"excerpt":{"rendered":"<p>[vc_row type=\u00a0\u00bbin_container\u00a0\u00bb full_screen_row_position=\u00a0\u00bbmiddle\u00a0\u00bb scene_position=\u00a0\u00bbcenter\u00a0\u00bb text_color=\u00a0\u00bbdark\u00a0\u00bb text_align=\u00a0\u00bbleft\u00a0\u00bb overlay_strength=\u00a0\u00bb0.3&Prime; shape_divider_position=\u00a0\u00bbbottom\u00a0\u00bb][vc_column column_padding=\u00a0\u00bbno-extra-padding\u00a0\u00bb column_padding_position=\u00a0\u00bball\u00a0\u00bb background_color_opacity=\u00a0\u00bb1&Prime; background_hover_color_opacity=\u00a0\u00bb1&Prime; column_shadow=\u00a0\u00bbnone\u00a0\u00bb column_border_radius=\u00a0\u00bbnone\u00a0\u00bb width=\u00a0\u00bb1\/1&Prime; tablet_text_alignment=\u00a0\u00bbdefault\u00a0\u00bb phone_text_alignment=\u00a0\u00bbdefault\u00a0\u00bb column_border_width=\u00a0\u00bbnone\u00a0\u00bb column_border_style=\u00a0\u00bbsolid\u00a0\u00bb][page_submenu alignment=\u00a0\u00bbcenter\u00a0\u00bb sticky=\u00a0\u00bbtrue\u00a0\u00bb bg_color=\u00a0\u00bb#000000&Prime; link_color=\u00a0\u00bb#dd3b30&Prime;][page_link link_url=\u00a0\u00bbhttps:\/\/www.evoto.ca\/fr\/termes-et-conditions\/\u00a0\u00bb title=\u00a0\u00bbTERMES\u00a0\u00bb id=\u00a0\u00bb1536659837-1-79&Prime; tab_id=\u00a0\u00bb1536659877626-10&Prime;] [\/page_link][page_link link_url=\u00a0\u00bbhttps:\/\/www.evoto.ca\/fr\/politique-de-confidentialite\/\u00a0\u00bb title=\u00a0\u00bbCONFIDENTIALIT\u00c9\u00a0\u00bb id=\u00a0\u00bb1536659837-2-3&Prime; tab_id=\u00a0\u00bb1536659877711-9&Prime;] [\/page_link][page_link title=\u00a0\u00bbREMBOURSEMENT\u00a0\u00bb id=\u00a0\u00bb1536659891085-0-1&Prime; tab_id=\u00a0\u00bb1536659891087-5&Prime; link_url=\u00a0\u00bbhttps:\/\/www.evoto.ca\/fr\/politique-dannulation-et-de-remboursement\/\u00a0\u00bb][\/page_link][page_link title=\u00a0\u00bbLIVRAISON\u00a0\u00bb id=\u00a0\u00bb1536659892086-0-2&Prime; tab_id=\u00a0\u00bb1536659892089-10&Prime; link_url=\u00a0\u00bbhttps:\/\/www.evoto.ca\/fr\/politique-de-livraison\/\u00a0\u00bb][\/page_link][page_link title=\u00a0\u00bbINTERDITS\u00a0\u00bb id=\u00a0\u00bb1536659892867-0-3&Prime; tab_id=\u00a0\u00bb1536659892869-1&Prime; link_url=\u00a0\u00bbhttps:\/\/www.evoto.ca\/fr\/usages-interdits\/\u00a0\u00bb][\/page_link][\/page_submenu][\/vc_column][\/vc_row][vc_row type=\u00a0\u00bbin_container\u00a0\u00bb full_screen_row_position=\u00a0\u00bbmiddle\u00a0\u00bb scene_position=\u00a0\u00bbcenter\u00a0\u00bb text_color=\u00a0\u00bbdark\u00a0\u00bb text_align=\u00a0\u00bbleft\u00a0\u00bb top_padding=\u00a0\u00bb2%\u00a0\u00bb overlay_strength=\u00a0\u00bb0.3&Prime; shape_divider_position=\u00a0\u00bbbottom\u00a0\u00bb][\/vc_row][vc_column column_padding=\u00a0\u00bbno-extra-padding\u00a0\u00bb column_padding_position=\u00a0\u00bball\u00a0\u00bb background_color_opacity=\u00a0\u00bb1&Prime; background_hover_color_opacity=\u00a0\u00bb1&Prime; column_shadow=\u00a0\u00bbnone\u00a0\u00bb column_border_radius=\u00a0\u00bbnone\u00a0\u00bb width=\u00a0\u00bb1\/1&Prime; tablet_text_alignment=\u00a0\u00bbdefault\u00a0\u00bb phone_text_alignment=\u00a0\u00bbdefault\u00a0\u00bb column_border_width=\u00a0\u00bbnone\u00a0\u00bb column_border_style=\u00a0\u00bbsolid\u00a0\u00bb][\/vc_column][vc_column_text] Politique de location r\u00e9gissant la livraison de voiture (Pick up &amp; Drop Off) Chez Evoto, nous&#8230;<\/p>\n","protected":false},"author":1,"featured_media":0,"parent":0,"menu_order":0,"comment_status":"closed","ping_status":"closed","template":"","meta":{"footnotes":""},"class_list":["post-364","page","type-page","status-publish"],"_links":{"self":[{"href":"https:\/\/www.evoto.ca\/fr\/wp-json\/wp\/v2\/pages\/364","targetHints":{"allow":["GET"]}}],"collection":[{"href":"https:\/\/www.evoto.ca\/fr\/wp-json\/wp\/v2\/pages"}],"about":[{"href":"https:\/\/www.evoto.ca\/fr\/wp-json\/wp\/v2\/types\/page"}],"author":[{"embeddable":true,"href":"https:\/\/www.evoto.ca\/fr\/wp-json\/wp\/v2\/users\/1"}],"replies":[{"embeddable":true,"href":"https:\/\/www.evoto.ca\/fr\/wp-json\/wp\/v2\/comments?post=364"}],"version-history":[{"count":0,"href":"https:\/\/www.evoto.ca\/fr\/wp-json\/wp\/v2\/pages\/364\/revisions"}],"wp:attachment":[{"href":"https:\/\/www.evoto.ca\/fr\/wp-json\/wp\/v2\/media?parent=364"}],"curies":[{"name":"wp","href":"https:\/\/api.w.org\/{rel}","templated":true}]}}