{"id":365,"date":"2017-08-06T18:14:42","date_gmt":"2017-08-06T22:14:42","guid":{"rendered":"https:\/\/www.evoto.ca\/politique-dannulation-et-de-remboursement\/"},"modified":"2019-02-04T11:31:28","modified_gmt":"2019-02-04T16:31:28","slug":"politique-dannulation-et-de-remboursement","status":"publish","type":"page","link":"https:\/\/www.evoto.ca\/fr\/politique-dannulation-et-de-remboursement\/","title":{"rendered":"Politique d&rsquo;annulation et de remboursement"},"content":{"rendered":"[vc_row type=\u00a0\u00bbin_container\u00a0\u00bb full_screen_row_position=\u00a0\u00bbmiddle\u00a0\u00bb scene_position=\u00a0\u00bbcenter\u00a0\u00bb text_color=\u00a0\u00bbdark\u00a0\u00bb text_align=\u00a0\u00bbleft\u00a0\u00bb overlay_strength=\u00a0\u00bb0.3&Prime; shape_divider_position=\u00a0\u00bbbottom\u00a0\u00bb][vc_column column_padding=\u00a0\u00bbno-extra-padding\u00a0\u00bb column_padding_position=\u00a0\u00bball\u00a0\u00bb background_color_opacity=\u00a0\u00bb1&Prime; background_hover_color_opacity=\u00a0\u00bb1&Prime; column_shadow=\u00a0\u00bbnone\u00a0\u00bb column_border_radius=\u00a0\u00bbnone\u00a0\u00bb width=\u00a0\u00bb1\/1&Prime; tablet_text_alignment=\u00a0\u00bbdefault\u00a0\u00bb phone_text_alignment=\u00a0\u00bbdefault\u00a0\u00bb column_border_width=\u00a0\u00bbnone\u00a0\u00bb column_border_style=\u00a0\u00bbsolid\u00a0\u00bb][page_submenu alignment=\u00a0\u00bbcenter\u00a0\u00bb sticky=\u00a0\u00bbtrue\u00a0\u00bb bg_color=\u00a0\u00bb#000000&Prime; link_color=\u00a0\u00bb#dd3b30&Prime;][page_link link_url=\u00a0\u00bbhttps:\/\/www.evoto.ca\/fr\/termes-et-conditions\/\u00a0\u00bb title=\u00a0\u00bbTERMES\u00a0\u00bb id=\u00a0\u00bb1536659837-1-79&Prime; tab_id=\u00a0\u00bb1536659877626-10&Prime;] [\/page_link][page_link link_url=\u00a0\u00bbhttps:\/\/www.evoto.ca\/fr\/politique-de-confidentialite\/\u00a0\u00bb title=\u00a0\u00bbCONFIDENTIALIT\u00c9\u00a0\u00bb id=\u00a0\u00bb1536659837-2-3&Prime; tab_id=\u00a0\u00bb1536659877711-9&Prime;] [\/page_link][page_link title=\u00a0\u00bbREMBOURSEMENT\u00a0\u00bb id=\u00a0\u00bb1536659891085-0-1&Prime; tab_id=\u00a0\u00bb1536659891087-5&Prime; link_url=\u00a0\u00bbhttps:\/\/www.evoto.ca\/fr\/politique-dannulation-et-de-remboursement\/\u00a0\u00bb][\/page_link][page_link title=\u00a0\u00bbLIVRAISON\u00a0\u00bb id=\u00a0\u00bb1536659892086-0-2&Prime; tab_id=\u00a0\u00bb1536659892089-10&Prime; link_url=\u00a0\u00bbhttps:\/\/www.evoto.ca\/fr\/politique-de-livraison\/\u00a0\u00bb][\/page_link][page_link title=\u00a0\u00bbINTERDITS\u00a0\u00bb id=\u00a0\u00bb1536659892867-0-3&Prime; tab_id=\u00a0\u00bb1536659892869-1&Prime; link_url=\u00a0\u00bbhttps:\/\/www.evoto.ca\/fr\/usages-interdits\/\u00a0\u00bb][\/page_link][\/page_submenu][\/vc_column][\/vc_row][vc_row type=\u00a0\u00bbin_container\u00a0\u00bb full_screen_row_position=\u00a0\u00bbmiddle\u00a0\u00bb scene_position=\u00a0\u00bbcenter\u00a0\u00bb text_color=\u00a0\u00bbdark\u00a0\u00bb text_align=\u00a0\u00bbleft\u00a0\u00bb top_padding=\u00a0\u00bb2%\u00a0\u00bb overlay_strength=\u00a0\u00bb0.3&Prime; shape_divider_position=\u00a0\u00bbbottom\u00a0\u00bb][vc_column column_padding=\u00a0\u00bbno-extra-padding\u00a0\u00bb column_padding_position=\u00a0\u00bball\u00a0\u00bb background_color_opacity=\u00a0\u00bb1&Prime; background_hover_color_opacity=\u00a0\u00bb1&Prime; column_shadow=\u00a0\u00bbnone\u00a0\u00bb column_border_radius=\u00a0\u00bbnone\u00a0\u00bb width=\u00a0\u00bb1\/1&Prime; tablet_text_alignment=\u00a0\u00bbdefault\u00a0\u00bb phone_text_alignment=\u00a0\u00bbdefault\u00a0\u00bb column_border_width=\u00a0\u00bbnone\u00a0\u00bb column_border_style=\u00a0\u00bbsolid\u00a0\u00bb][vc_column_text]\n<h4><span style=\"color: #dd3b30;\">Notre politique pour accepter les d\u00e9p\u00f4ts de s\u00e9curit\u00e9, une cancellation et du traitement de remboursements est le suivant:<\/span><\/h4>\n<p><span style=\"color: #ff0000;\">1.<\/span> Apr\u00e8s confirmation et le paiement de la r\u00e9servation, en plus des conditions et relations et l`accord de location, le suivant est aussi applicable et doit \u00eatre lu en combinaison avec l\u2019accord de location et se trouve d\u00e9taill\u00e9 pleinement en dessous:<\/p>\n<p><span style=\"color: #ff0000;\">(a)<\/span> Dans le cas d`un accident, il n`y a PAS d`OBLIGATION de mettre en place un autre v\u00e9hicule ou de pr\u00e9parer un remboursement pour le reste du temps de location. Fournir un v\u00e9hicule de remplacement est totalement \u00e0 la discr\u00e9tion de Evoto, mais si l`accident n`est pas de la faute du locataire ou du conducteur titulaire, nous pr\u00e9parions un remplacement (d\u00e9pendamment des r\u00e9servations) \u00e0 la discr\u00e9tion de Evoto.<\/p>\n<p><span style=\"color: #ff0000;\">(b)<\/span> Dans le cas o\u00f9 le client d\u00e9sire terminer la location plus t\u00f4t, il n`y a PAS d`OBLIGATION de pr\u00e9voir un remboursement pour l`\u00e9quilibre de la p\u00e9riode de la location. Cependant, un remboursement peut \u00eatre mis \u00e0 la disposition dans le cas de \u201ccirconstances att\u00e9nuantes ou pour des motifs de compassion\u201c.<\/p>\n<p><span style=\"color: #ff0000;\">2.<\/span> Le cout de location + les taxes et l&rsquo;assurance + les taxes sera charg\u00e9 lors de la r\u00e9servation. Le montant charg\u00e9 sera confirm\u00e9 lors du temps de la r\u00e9servation, avant que la redevance soit trait\u00e9e.\u00a0Si une cancellation ou un remboursement est souhait\u00e9, le suivant sera appliqu\u00e9:<\/p>\n<p><span style=\"color: #ff0000;\">(a)<\/span> Cancellation dans l`espace de deux (2) jours ou 48 heures de la date du d\u00e9but de la location, PAS DE REMBOURSEMENT<\/p>\n<p><span style=\"color: #ff0000;\">(b)<\/span> Cancellation avant deux (2) jours ou 48 heures de la date du d\u00e9but de la location, REMBOURSEMENT\u00a0AU D\u00c9FICIT D\u2019UN FRAIS DE REMBOURSEMENT DE $100 CAD.\u00a0La seule EXCEPTION consiste d\u2019un d\u00e9lai de (a), d\u2019ou un plein remboursement ou un remboursement partiel peut \u00eatre accord\u00e9, seulement a la discr\u00e9tion de Evoto, MAIS SEULEMENT dans le cas de \u201ccirconstances inattendues ou pour des motifs de compassion\u201c. Des clients \u201cNo Show\u201c ne vont pas recevoir de remboursements \u2013 voyez ci-dessous.<\/p>\n<p><span style=\"color: #ff0000;\">3.<\/span> Le d\u00e9sir de cancellation ou de rembours\u00ad\u00adements DOIT \u00eatre re\u00e7u par \u00e9crit (y compris des courriels) au moins 48 heures en avance de la date et du temps de location r\u00e9serv\u00e9. Une r\u00e9ponse\u00a0SERA ENVOYE chez vous confirmant la cancellation de la location, et, ou c`est applicable, des d\u00e9tails de toutes charges faites sous cette politique.<\/p>\n<p><span style=\"color: #ff0000;\">4.<\/span> Dans le cas d`un \u201cNo Show\u201c suivant une r\u00e9servation confirm\u00e9e, y compris des r\u00e9servations\u00a0effectu\u00e9es par le processus de r\u00e9servation du site web ou par t\u00e9l\u00e9phone, NE SERONT PAS rembours\u00e9s.[\/vc_column_text][\/vc_column][\/vc_row]\n","protected":false},"excerpt":{"rendered":"<p>[vc_row type=\u00a0\u00bbin_container\u00a0\u00bb full_screen_row_position=\u00a0\u00bbmiddle\u00a0\u00bb scene_position=\u00a0\u00bbcenter\u00a0\u00bb text_color=\u00a0\u00bbdark\u00a0\u00bb text_align=\u00a0\u00bbleft\u00a0\u00bb overlay_strength=\u00a0\u00bb0.3&Prime; shape_divider_position=\u00a0\u00bbbottom\u00a0\u00bb][vc_column column_padding=\u00a0\u00bbno-extra-padding\u00a0\u00bb column_padding_position=\u00a0\u00bball\u00a0\u00bb background_color_opacity=\u00a0\u00bb1&Prime; background_hover_color_opacity=\u00a0\u00bb1&Prime; column_shadow=\u00a0\u00bbnone\u00a0\u00bb column_border_radius=\u00a0\u00bbnone\u00a0\u00bb width=\u00a0\u00bb1\/1&Prime; tablet_text_alignment=\u00a0\u00bbdefault\u00a0\u00bb phone_text_alignment=\u00a0\u00bbdefault\u00a0\u00bb column_border_width=\u00a0\u00bbnone\u00a0\u00bb column_border_style=\u00a0\u00bbsolid\u00a0\u00bb][page_submenu alignment=\u00a0\u00bbcenter\u00a0\u00bb sticky=\u00a0\u00bbtrue\u00a0\u00bb bg_color=\u00a0\u00bb#000000&Prime; link_color=\u00a0\u00bb#dd3b30&Prime;][page_link link_url=\u00a0\u00bbhttps:\/\/www.evoto.ca\/fr\/termes-et-conditions\/\u00a0\u00bb title=\u00a0\u00bbTERMES\u00a0\u00bb id=\u00a0\u00bb1536659837-1-79&Prime; tab_id=\u00a0\u00bb1536659877626-10&Prime;] [\/page_link][page_link link_url=\u00a0\u00bbhttps:\/\/www.evoto.ca\/fr\/politique-de-confidentialite\/\u00a0\u00bb title=\u00a0\u00bbCONFIDENTIALIT\u00c9\u00a0\u00bb id=\u00a0\u00bb1536659837-2-3&Prime; tab_id=\u00a0\u00bb1536659877711-9&Prime;] [\/page_link][page_link title=\u00a0\u00bbREMBOURSEMENT\u00a0\u00bb id=\u00a0\u00bb1536659891085-0-1&Prime; tab_id=\u00a0\u00bb1536659891087-5&Prime; link_url=\u00a0\u00bbhttps:\/\/www.evoto.ca\/fr\/politique-dannulation-et-de-remboursement\/\u00a0\u00bb][\/page_link][page_link title=\u00a0\u00bbLIVRAISON\u00a0\u00bb id=\u00a0\u00bb1536659892086-0-2&Prime; tab_id=\u00a0\u00bb1536659892089-10&Prime; link_url=\u00a0\u00bbhttps:\/\/www.evoto.ca\/fr\/politique-de-livraison\/\u00a0\u00bb][\/page_link][page_link title=\u00a0\u00bbINTERDITS\u00a0\u00bb id=\u00a0\u00bb1536659892867-0-3&Prime; tab_id=\u00a0\u00bb1536659892869-1&Prime; link_url=\u00a0\u00bbhttps:\/\/www.evoto.ca\/fr\/usages-interdits\/\u00a0\u00bb][\/page_link][\/page_submenu][\/vc_column][\/vc_row][vc_row type=\u00a0\u00bbin_container\u00a0\u00bb full_screen_row_position=\u00a0\u00bbmiddle\u00a0\u00bb scene_position=\u00a0\u00bbcenter\u00a0\u00bb text_color=\u00a0\u00bbdark\u00a0\u00bb text_align=\u00a0\u00bbleft\u00a0\u00bb top_padding=\u00a0\u00bb2%\u00a0\u00bb overlay_strength=\u00a0\u00bb0.3&Prime; shape_divider_position=\u00a0\u00bbbottom\u00a0\u00bb][vc_column column_padding=\u00a0\u00bbno-extra-padding\u00a0\u00bb column_padding_position=\u00a0\u00bball\u00a0\u00bb background_color_opacity=\u00a0\u00bb1&Prime; background_hover_color_opacity=\u00a0\u00bb1&Prime; column_shadow=\u00a0\u00bbnone\u00a0\u00bb column_border_radius=\u00a0\u00bbnone\u00a0\u00bb width=\u00a0\u00bb1\/1&Prime; tablet_text_alignment=\u00a0\u00bbdefault\u00a0\u00bb phone_text_alignment=\u00a0\u00bbdefault\u00a0\u00bb column_border_width=\u00a0\u00bbnone\u00a0\u00bb column_border_style=\u00a0\u00bbsolid\u00a0\u00bb][vc_column_text] Notre politique pour accepter les d\u00e9p\u00f4ts de s\u00e9curit\u00e9, une cancellation et du traitement de remboursements est&#8230;<\/p>\n","protected":false},"author":1,"featured_media":0,"parent":0,"menu_order":0,"comment_status":"closed","ping_status":"closed","template":"","meta":{"footnotes":""},"class_list":["post-365","page","type-page","status-publish"],"_links":{"self":[{"href":"https:\/\/www.evoto.ca\/fr\/wp-json\/wp\/v2\/pages\/365","targetHints":{"allow":["GET"]}}],"collection":[{"href":"https:\/\/www.evoto.ca\/fr\/wp-json\/wp\/v2\/pages"}],"about":[{"href":"https:\/\/www.evoto.ca\/fr\/wp-json\/wp\/v2\/types\/page"}],"author":[{"embeddable":true,"href":"https:\/\/www.evoto.ca\/fr\/wp-json\/wp\/v2\/users\/1"}],"replies":[{"embeddable":true,"href":"https:\/\/www.evoto.ca\/fr\/wp-json\/wp\/v2\/comments?post=365"}],"version-history":[{"count":0,"href":"https:\/\/www.evoto.ca\/fr\/wp-json\/wp\/v2\/pages\/365\/revisions"}],"wp:attachment":[{"href":"https:\/\/www.evoto.ca\/fr\/wp-json\/wp\/v2\/media?parent=365"}],"curies":[{"name":"wp","href":"https:\/\/api.w.org\/{rel}","templated":true}]}}