{"id":6841,"date":"2021-05-26T19:55:35","date_gmt":"2021-05-26T23:55:35","guid":{"rendered":"http:\/\/www.evoto.ca\/partage-de-voiture\/"},"modified":"2022-06-27T02:41:14","modified_gmt":"2022-06-27T06:41:14","slug":"partage","status":"publish","type":"page","link":"https:\/\/www.evoto.ca\/fr\/partage\/","title":{"rendered":"partage de voiture"},"content":{"rendered":"[vc_row type=\u00a0\u00bbfull_width_content\u00a0\u00bb full_screen_row_position=\u00a0\u00bbmiddle\u00a0\u00bb bg_color=\u00a0\u00bb#000000&Prime; scene_position=\u00a0\u00bbcenter\u00a0\u00bb text_color=\u00a0\u00bblight\u00a0\u00bb text_align=\u00a0\u00bbcenter\u00a0\u00bb top_padding=\u00a0\u00bb2%\u00a0\u00bb bottom_padding=\u00a0\u00bb2%\u00a0\u00bb overlay_strength=\u00a0\u00bb0.3&Prime; shape_divider_position=\u00a0\u00bbbottom\u00a0\u00bb bg_image_animation=\u00a0\u00bbnone\u00a0\u00bb shape_type=\u00a0\u00bb\u00a0\u00bb][vc_column column_padding=\u00a0\u00bbno-extra-padding\u00a0\u00bb column_padding_position=\u00a0\u00bball\u00a0\u00bb background_color_opacity=\u00a0\u00bb1&Prime; background_hover_color_opacity=\u00a0\u00bb1&Prime; column_link_target=\u00a0\u00bb_self\u00a0\u00bb column_shadow=\u00a0\u00bbnone\u00a0\u00bb column_border_radius=\u00a0\u00bbnone\u00a0\u00bb width=\u00a0\u00bb1\/1&Prime; tablet_width_inherit=\u00a0\u00bbdefault\u00a0\u00bb tablet_text_alignment=\u00a0\u00bbdefault\u00a0\u00bb phone_text_alignment=\u00a0\u00bbdefault\u00a0\u00bb column_border_width=\u00a0\u00bbnone\u00a0\u00bb column_border_style=\u00a0\u00bbsolid\u00a0\u00bb bg_image_animation=\u00a0\u00bbnone\u00a0\u00bb][vc_custom_heading text=\u00a0\u00bbT\u00c9L\u00c9CHARGEZ L&rsquo;APPLICATION EVOTO (BETA)\u00a0\u00bb font_container=\u00a0\u00bbtag:h4|text_align:center|color:%23ffffff\u00a0\u00bb use_theme_fonts=\u00a0\u00bbyes\u00a0\u00bb][nectar_btn size=\u00a0\u00bbsmall\u00a0\u00bb button_style=\u00a0\u00bbregular\u00a0\u00bb button_color_2=\u00a0\u00bbAccent-Color\u00a0\u00bb icon_family=\u00a0\u00bbnone\u00a0\u00bb text=\u00a0\u00bbT\u00c9L\u00c9CHARGEZ L&rsquo;APPLICATION\u00a0\u00bb url=\u00a0\u00bbhttps:\/\/apps.apple.com\/jm\/app\/evoto-Rentals\/id1572792026&Prime;][\/vc_column][\/vc_row][vc_row type=\u00a0\u00bbfull_width_content\u00a0\u00bb full_screen_row_position=\u00a0\u00bbmiddle\u00a0\u00bb equal_height=\u00a0\u00bbyes\u00a0\u00bb bg_color=\u00a0\u00bb#ffffff\u00a0\u00bb scene_position=\u00a0\u00bbcenter\u00a0\u00bb text_color=\u00a0\u00bbcustom\u00a0\u00bb custom_text_color=\u00a0\u00bb#000000&Prime; text_align=\u00a0\u00bbleft\u00a0\u00bb top_padding=\u00a0\u00bb2%\u00a0\u00bb overlay_strength=\u00a0\u00bb0.3&Prime; shape_divider_position=\u00a0\u00bbbottom\u00a0\u00bb bg_image_animation=\u00a0\u00bbnone\u00a0\u00bb shape_type=\u00a0\u00bb\u00a0\u00bb][vc_column column_padding=\u00a0\u00bbno-extra-padding\u00a0\u00bb column_padding_position=\u00a0\u00bball\u00a0\u00bb background_color_opacity=\u00a0\u00bb1&Prime; background_hover_color_opacity=\u00a0\u00bb1&Prime; column_link_target=\u00a0\u00bb_self\u00a0\u00bb column_shadow=\u00a0\u00bbnone\u00a0\u00bb column_border_radius=\u00a0\u00bbnone\u00a0\u00bb width=\u00a0\u00bb1\/1&Prime; tablet_width_inherit=\u00a0\u00bbdefault\u00a0\u00bb tablet_text_alignment=\u00a0\u00bbdefault\u00a0\u00bb phone_text_alignment=\u00a0\u00bbdefault\u00a0\u00bb column_border_width=\u00a0\u00bbnone\u00a0\u00bb column_border_style=\u00a0\u00bbsolid\u00a0\u00bb bg_image_animation=\u00a0\u00bbnone\u00a0\u00bb][vc_custom_heading text=\u00a0\u00bbLe partage, c\u2019est l\u2019entraide\u00a0\u00bb font_container=\u00a0\u00bbtag:h2|text_align:center|color:%23dd3333&Prime; use_theme_fonts=\u00a0\u00bbyes\u00a0\u00bb][vc_column_text]\n<h4 style=\"text-align: center;\">Les voitures ne sont pas utilis\u00e9es 90% du temps! La plateforme Evoto vous permet d&rsquo;utiliser votre Tesla lorsque vous ne l&rsquo;utilisez pas<\/h4>\n[\/vc_column_text][\/vc_column][\/vc_row][vc_row type=\u00a0\u00bbfull_width_content\u00a0\u00bb full_screen_row_position=\u00a0\u00bbmiddle\u00a0\u00bb bg_color=\u00a0\u00bb#ffffff\u00a0\u00bb scene_position=\u00a0\u00bbcenter\u00a0\u00bb text_color=\u00a0\u00bbcustom\u00a0\u00bb custom_text_color=\u00a0\u00bb#333333&Prime; text_align=\u00a0\u00bbleft\u00a0\u00bb top_padding=\u00a0\u00bb3%\u00a0\u00bb bottom_padding=\u00a0\u00bb3%\u00a0\u00bb overlay_strength=\u00a0\u00bb0.3&Prime; shape_divider_position=\u00a0\u00bbbottom\u00a0\u00bb bg_image_animation=\u00a0\u00bbnone\u00a0\u00bb shape_type=\u00a0\u00bb\u00a0\u00bb][vc_column column_padding=\u00a0\u00bbno-extra-padding\u00a0\u00bb column_padding_position=\u00a0\u00bbleft-right\u00a0\u00bb background_color_opacity=\u00a0\u00bb1&Prime; background_hover_color_opacity=\u00a0\u00bb1&Prime; column_link_target=\u00a0\u00bb_self\u00a0\u00bb column_shadow=\u00a0\u00bbnone\u00a0\u00bb column_border_radius=\u00a0\u00bbnone\u00a0\u00bb width=\u00a0\u00bb1\/5&Prime; tablet_width_inherit=\u00a0\u00bbdefault\u00a0\u00bb tablet_text_alignment=\u00a0\u00bbdefault\u00a0\u00bb phone_text_alignment=\u00a0\u00bbdefault\u00a0\u00bb column_border_width=\u00a0\u00bbnone\u00a0\u00bb column_border_style=\u00a0\u00bbsolid\u00a0\u00bb bg_image_animation=\u00a0\u00bbnone\u00a0\u00bb][\/vc_column][vc_column centered_text=\u00a0\u00bbtrue\u00a0\u00bb column_padding=\u00a0\u00bbpadding-1-percent\u00a0\u00bb column_padding_position=\u00a0\u00bbleft-right\u00a0\u00bb background_color_opacity=\u00a0\u00bb1&Prime; background_hover_color_opacity=\u00a0\u00bb1&Prime; column_link_target=\u00a0\u00bb_self\u00a0\u00bb column_shadow=\u00a0\u00bbnone\u00a0\u00bb column_border_radius=\u00a0\u00bbnone\u00a0\u00bb width=\u00a0\u00bb1\/5&Prime; tablet_width_inherit=\u00a0\u00bbdefault\u00a0\u00bb tablet_text_alignment=\u00a0\u00bbdefault\u00a0\u00bb phone_text_alignment=\u00a0\u00bbdefault\u00a0\u00bb column_border_width=\u00a0\u00bbnone\u00a0\u00bb column_border_style=\u00a0\u00bbsolid\u00a0\u00bb bg_image_animation=\u00a0\u00bbnone\u00a0\u00bb][vc_custom_heading text=\u00a0\u00bbLOCATIONS\u00a0\u00bb font_container=\u00a0\u00bbtag:h2|font_size:18|text_align:center|color:%23000000&Prime; use_theme_fonts=\u00a0\u00bbyes\u00a0\u00bb][vc_custom_heading text=\u00a0\u00bbLouez votre Tesla\u00a0\u00bb font_container=\u00a0\u00bbtag:h4|text_align:center|color:%23dd3333&Prime; use_theme_fonts=\u00a0\u00bbyes\u00a0\u00bb link=\u00a0\u00bburl:http%3A%2F%2Fwww.evoto.ca%2Fen%2Fbazaar%2Flisting_form%2F|title:Formulaire%20d%27inscription|\u00a0\u00bb][nectar_icon icon_family=\u00a0\u00bbfontawesome\u00a0\u00bb icon_style=\u00a0\u00bbdefault\u00a0\u00bb icon_color=\u00a0\u00bbAccent-Color\u00a0\u00bb icon_padding=\u00a0\u00bb20px\u00a0\u00bb icon_fontawesome=\u00a0\u00bbfa fa-car\u00a0\u00bb][vc_column_text]\n<p>Listez votre EV (plugin, e-bike ou e-scooter) sur notre plateforme gratuitement<\/p>\n[\/vc_column_text][\/vc_column][vc_column centered_text=\u00a0\u00bbtrue\u00a0\u00bb column_padding=\u00a0\u00bbpadding-1-percent\u00a0\u00bb column_padding_position=\u00a0\u00bbleft-right\u00a0\u00bb background_color_opacity=\u00a0\u00bb1&Prime; background_hover_color_opacity=\u00a0\u00bb1&Prime; column_link_target=\u00a0\u00bb_self\u00a0\u00bb column_shadow=\u00a0\u00bbnone\u00a0\u00bb column_border_radius=\u00a0\u00bbnone\u00a0\u00bb width=\u00a0\u00bb1\/5&Prime; tablet_width_inherit=\u00a0\u00bbdefault\u00a0\u00bb tablet_text_alignment=\u00a0\u00bbdefault\u00a0\u00bb phone_text_alignment=\u00a0\u00bbdefault\u00a0\u00bb column_border_width=\u00a0\u00bbnone\u00a0\u00bb column_border_style=\u00a0\u00bbsolid\u00a0\u00bb bg_image_animation=\u00a0\u00bbnone\u00a0\u00bb][vc_custom_heading text=\u00a0\u00bbMARIAGES\u00a0\u00bb font_container=\u00a0\u00bbtag:h2|font_size:18|text_align:center|color:%23000000&Prime; use_theme_fonts=\u00a0\u00bbyes\u00a0\u00bb][vc_custom_heading text=\u00a0\u00bbChauffeur d&rsquo;un jour\u00a0\u00bb font_container=\u00a0\u00bbtag:h4|text_align:center|color:%23dd3333&Prime; use_theme_fonts=\u00a0\u00bbyes\u00a0\u00bb link=\u00a0\u00bburl:http%3A%2F%2Fwww.evoto.ca%2Fen%2Fbazaar%2F|title:Annonces|\u00a0\u00bb][nectar_icon icon_family=\u00a0\u00bbfontawesome\u00a0\u00bb icon_style=\u00a0\u00bbdefault\u00a0\u00bb icon_color=\u00a0\u00bbAccent-Color\u00a0\u00bb icon_padding=\u00a0\u00bb20px\u00a0\u00bb icon_fontawesome=\u00a0\u00bbfa fa-heart\u00a0\u00bb][vc_column_text]\n<p>Conduisez les jeunes mari\u00e9s \u00e0 leur mariage dans votre Tesla Model X<\/p>\n[\/vc_column_text][\/vc_column][vc_column centered_text=\u00a0\u00bbtrue\u00a0\u00bb column_padding=\u00a0\u00bbpadding-1-percent\u00a0\u00bb column_padding_position=\u00a0\u00bbleft-right\u00a0\u00bb background_color_opacity=\u00a0\u00bb1&Prime; background_hover_color_opacity=\u00a0\u00bb1&Prime; column_link_target=\u00a0\u00bb_self\u00a0\u00bb column_shadow=\u00a0\u00bbnone\u00a0\u00bb column_border_radius=\u00a0\u00bbnone\u00a0\u00bb width=\u00a0\u00bb1\/5&Prime; tablet_width_inherit=\u00a0\u00bbdefault\u00a0\u00bb tablet_text_alignment=\u00a0\u00bbdefault\u00a0\u00bb phone_text_alignment=\u00a0\u00bbdefault\u00a0\u00bb column_border_width=\u00a0\u00bbnone\u00a0\u00bb column_border_style=\u00a0\u00bbsolid\u00a0\u00bb bg_image_animation=\u00a0\u00bbnone\u00a0\u00bb][vc_custom_heading text=\u00a0\u00bbCONDUCTEURS\u00a0\u00bb font_container=\u00a0\u00bbtag:h2|font_size:18|text_align:center|color:%23000000&Prime; use_theme_fonts=\u00a0\u00bbyes\u00a0\u00bb][vc_custom_heading text=\u00a0\u00bbTransfert de l&rsquo;a\u00e9roport\u00a0\u00bb font_container=\u00a0\u00bbtag:h4|text_align:center|color:%23dd3333&Prime; use_theme_fonts=\u00a0\u00bbyes\u00a0\u00bb link=\u00a0\u00bburl:http%3A%2F%2Fwww.evoto.ca%2Fen%2Fbazaar%2F|title:Annonces|\u00a0\u00bb][nectar_icon icon_family=\u00a0\u00bbfontawesome\u00a0\u00bb icon_style=\u00a0\u00bbdefault\u00a0\u00bb icon_color=\u00a0\u00bbAccent-Color\u00a0\u00bb icon_padding=\u00a0\u00bb20px\u00a0\u00bb icon_fontawesome=\u00a0\u00bbfa fa-fighter-jet\u00a0\u00bb][vc_column_text]\n<p>Conduisez les voyageurs vers et depuis l&rsquo;a\u00e9roport dans votre Tesla<\/p>\n[\/vc_column_text][\/vc_column][vc_column column_padding=\u00a0\u00bbno-extra-padding\u00a0\u00bb column_padding_position=\u00a0\u00bball\u00a0\u00bb background_color_opacity=\u00a0\u00bb1&Prime; background_hover_color_opacity=\u00a0\u00bb1&Prime; column_link_target=\u00a0\u00bb_self\u00a0\u00bb column_shadow=\u00a0\u00bbnone\u00a0\u00bb column_border_radius=\u00a0\u00bbnone\u00a0\u00bb width=\u00a0\u00bb1\/5&Prime; tablet_width_inherit=\u00a0\u00bbdefault\u00a0\u00bb tablet_text_alignment=\u00a0\u00bbdefault\u00a0\u00bb phone_text_alignment=\u00a0\u00bbdefault\u00a0\u00bb column_border_width=\u00a0\u00bbnone\u00a0\u00bb column_border_style=\u00a0\u00bbsolid\u00a0\u00bb bg_image_animation=\u00a0\u00bbnone\u00a0\u00bb][\/vc_column][\/vc_row][vc_row type=\u00a0\u00bbfull_width_content\u00a0\u00bb full_screen_row_position=\u00a0\u00bbmiddle\u00a0\u00bb bg_color=\u00a0\u00bb#ffffff\u00a0\u00bb scene_position=\u00a0\u00bbcenter\u00a0\u00bb text_color=\u00a0\u00bbdark\u00a0\u00bb text_align=\u00a0\u00bbleft\u00a0\u00bb top_padding=\u00a0\u00bb2%\u00a0\u00bb bottom_padding=\u00a0\u00bb2%\u00a0\u00bb disable_element=\u00a0\u00bbyes\u00a0\u00bb overlay_strength=\u00a0\u00bb0.3&Prime; shape_divider_position=\u00a0\u00bbbottom\u00a0\u00bb bg_image_animation=\u00a0\u00bbnone\u00a0\u00bb shape_type=\u00a0\u00bb\u00a0\u00bb][vc_column column_padding=\u00a0\u00bbno-extra-padding\u00a0\u00bb column_padding_position=\u00a0\u00bball\u00a0\u00bb background_color_opacity=\u00a0\u00bb1&Prime; background_hover_color_opacity=\u00a0\u00bb1&Prime; column_link_target=\u00a0\u00bb_self\u00a0\u00bb column_shadow=\u00a0\u00bbnone\u00a0\u00bb column_border_radius=\u00a0\u00bbnone\u00a0\u00bb width=\u00a0\u00bb1\/1&Prime; tablet_width_inherit=\u00a0\u00bbdefault\u00a0\u00bb tablet_text_alignment=\u00a0\u00bbdefault\u00a0\u00bb phone_text_alignment=\u00a0\u00bbdefault\u00a0\u00bb column_border_width=\u00a0\u00bbnone\u00a0\u00bb column_border_style=\u00a0\u00bbsolid\u00a0\u00bb bg_image_animation=\u00a0\u00bbnone\u00a0\u00bb][vc_custom_heading text=\u00a0\u00bbauto_awesome Did you mean: Disclaimer: Photo is not a dealer We are not responsible for any transactions between the buyer and the seller   volume_up 109 \/ 5000 Translation results Clause de non-responsabilit\u00e9: Evoto n&rsquo;est pas un revendeur Nous ne sommes pas responsables des transactions entre l&rsquo;acheteur et le vendeur \u00a0\u00bb font_container=\u00a0\u00bbtag:h4|text_align:center|color:%23000000&Prime; use_theme_fonts=\u00a0\u00bbyes\u00a0\u00bb][\/vc_column][\/vc_row][vc_row type=\u00a0\u00bbfull_width_content\u00a0\u00bb full_screen_row_position=\u00a0\u00bbmiddle\u00a0\u00bb bg_color=\u00a0\u00bb#18171c\u00a0\u00bb scene_position=\u00a0\u00bbcenter\u00a0\u00bb text_color=\u00a0\u00bblight\u00a0\u00bb text_align=\u00a0\u00bbleft\u00a0\u00bb id=\u00a0\u00bbourvision\u00a0\u00bb overlay_strength=\u00a0\u00bb0.8&Prime; shape_divider_position=\u00a0\u00bbbottom\u00a0\u00bb bg_image_animation=\u00a0\u00bbnone\u00a0\u00bb shape_type=\u00a0\u00bb\u00a0\u00bb][vc_column column_padding=\u00a0\u00bbpadding-10-percent\u00a0\u00bb column_padding_position=\u00a0\u00bbleft-right\u00a0\u00bb background_color_opacity=\u00a0\u00bb1&Prime; background_hover_color_opacity=\u00a0\u00bb1&Prime; column_link_target=\u00a0\u00bb_self\u00a0\u00bb column_shadow=\u00a0\u00bbnone\u00a0\u00bb column_border_radius=\u00a0\u00bbnone\u00a0\u00bb width=\u00a0\u00bb1\/2&Prime; tablet_width_inherit=\u00a0\u00bbdefault\u00a0\u00bb tablet_text_alignment=\u00a0\u00bbdefault\u00a0\u00bb phone_text_alignment=\u00a0\u00bbdefault\u00a0\u00bb column_border_width=\u00a0\u00bbnone\u00a0\u00bb column_border_style=\u00a0\u00bbsolid\u00a0\u00bb bg_image_animation=\u00a0\u00bbnone\u00a0\u00bb][divider line_type=\u00a0\u00bbNo Line\u00a0\u00bb custom_height=\u00a0\u00bb50&Prime;][vc_column_text css=\u00a0\u00bb.vc_custom_1619237994601{margin-top: 50px !important;margin-bottom: 20px !important;}\u00a0\u00bb]\n<h2>Evoto Car Share<\/h2>\n<h3 style=\"text-align: left; font-size: 25px;\">Inscrivez votre voiture aujourd&rsquo;hui<\/h3>\n[\/vc_column_text]<div class=\"nectar-fancy-ul\" data-list-icon=\"icon-salient-thin-line\" data-animation=\"false\" data-animation-delay=\"0\" data-color=\"accent-color\" data-alignment=\"left\"> \n<p>Lorsque vous partagez votre Tesla (ou un autre v\u00e9hicule \u00e9lectrique), vous nous aidez \u00e0 faire la transition des personnes vers le transport durable, tout en faisant en sorte que votre voiture fonctionne pour vous<\/p>\n <\/div>[nectar_btn size=\u00a0\u00bbsmall\u00a0\u00bb button_style=\u00a0\u00bbregular\u00a0\u00bb button_color_2=\u00a0\u00bbAccent-Color\u00a0\u00bb icon_family=\u00a0\u00bbnone\u00a0\u00bb text=\u00a0\u00bbCOMMENCER\u00a0\u00bb url=\u00a0\u00bbhttps:\/\/www.evoto.ca\/en\/carshare\/signupform\u00a0\u00bb][\/vc_column][vc_column column_padding=\u00a0\u00bbno-extra-padding\u00a0\u00bb column_padding_position=\u00a0\u00bball\u00a0\u00bb background_color_opacity=\u00a0\u00bb1&Prime; background_hover_color_opacity=\u00a0\u00bb1&Prime; column_link_target=\u00a0\u00bb_self\u00a0\u00bb column_shadow=\u00a0\u00bbnone\u00a0\u00bb column_border_radius=\u00a0\u00bbnone\u00a0\u00bb width=\u00a0\u00bb1\/2&Prime; tablet_width_inherit=\u00a0\u00bbdefault\u00a0\u00bb tablet_text_alignment=\u00a0\u00bbdefault\u00a0\u00bb phone_text_alignment=\u00a0\u00bbdefault\u00a0\u00bb column_border_width=\u00a0\u00bbnone\u00a0\u00bb column_border_style=\u00a0\u00bbsolid\u00a0\u00bb bg_image_animation=\u00a0\u00bbnone\u00a0\u00bb][image_with_animation image_url=\u00a0\u00bb5746&Prime; alignment=\u00a0\u00bbcenter\u00a0\u00bb animation=\u00a0\u00bbNone\u00a0\u00bb border_radius=\u00a0\u00bbnone\u00a0\u00bb box_shadow=\u00a0\u00bbnone\u00a0\u00bb max_width=\u00a0\u00bb100%\u00a0\u00bb][\/vc_column][\/vc_row][vc_row type=\u00a0\u00bbfull_width_content\u00a0\u00bb full_screen_row_position=\u00a0\u00bbmiddle\u00a0\u00bb bg_color=\u00a0\u00bb#ffffff\u00a0\u00bb scene_position=\u00a0\u00bbcenter\u00a0\u00bb text_color=\u00a0\u00bbcustom\u00a0\u00bb custom_text_color=\u00a0\u00bb#000000&Prime; text_align=\u00a0\u00bbleft\u00a0\u00bb id=\u00a0\u00bbourbelief\u00a0\u00bb overlay_strength=\u00a0\u00bb0.3&Prime; shape_divider_position=\u00a0\u00bbbottom\u00a0\u00bb bg_image_animation=\u00a0\u00bbnone\u00a0\u00bb shape_type=\u00a0\u00bb\u00a0\u00bb][vc_column column_padding=\u00a0\u00bbno-extra-padding\u00a0\u00bb column_padding_position=\u00a0\u00bball\u00a0\u00bb background_color=\u00a0\u00bb#ffffff\u00a0\u00bb background_color_opacity=\u00a0\u00bb1&Prime; background_hover_color_opacity=\u00a0\u00bb1&Prime; column_link_target=\u00a0\u00bb_self\u00a0\u00bb column_shadow=\u00a0\u00bbnone\u00a0\u00bb column_border_radius=\u00a0\u00bbnone\u00a0\u00bb width=\u00a0\u00bb1\/2&Prime; tablet_width_inherit=\u00a0\u00bbdefault\u00a0\u00bb tablet_text_alignment=\u00a0\u00bbdefault\u00a0\u00bb phone_text_alignment=\u00a0\u00bbdefault\u00a0\u00bb column_border_width=\u00a0\u00bbnone\u00a0\u00bb column_border_style=\u00a0\u00bbsolid\u00a0\u00bb bg_image_animation=\u00a0\u00bbnone\u00a0\u00bb][image_with_animation image_url=\u00a0\u00bb6815&Prime; alignment=\u00a0\u00bbcenter\u00a0\u00bb animation=\u00a0\u00bbNone\u00a0\u00bb border_radius=\u00a0\u00bbnone\u00a0\u00bb box_shadow=\u00a0\u00bbnone\u00a0\u00bb max_width=\u00a0\u00bb100%\u00a0\u00bb][\/vc_column][vc_column column_padding=\u00a0\u00bbpadding-7-percent\u00a0\u00bb column_padding_position=\u00a0\u00bbleft\u00a0\u00bb background_color_opacity=\u00a0\u00bb1&Prime; background_hover_color_opacity=\u00a0\u00bb1&Prime; font_color=\u00a0\u00bb#000000&Prime; column_link_target=\u00a0\u00bb_self\u00a0\u00bb column_shadow=\u00a0\u00bbnone\u00a0\u00bb column_border_radius=\u00a0\u00bbnone\u00a0\u00bb width=\u00a0\u00bb1\/2&Prime; tablet_width_inherit=\u00a0\u00bbdefault\u00a0\u00bb tablet_text_alignment=\u00a0\u00bbdefault\u00a0\u00bb phone_text_alignment=\u00a0\u00bbdefault\u00a0\u00bb column_border_width=\u00a0\u00bbnone\u00a0\u00bb column_border_style=\u00a0\u00bbsolid\u00a0\u00bb bg_image_animation=\u00a0\u00bbnone\u00a0\u00bb][vc_column_text css=\u00a0\u00bb.vc_custom_1619238086423{margin-top: 50px !important;margin-bottom: 20px !important;}\u00a0\u00bb]\n<div class=\"FFpbKc\">\n<h2 class=\"ZTPlmc\">Comment fonctionne le partage<\/h2>\n<\/div>\n[\/vc_column_text]<div class=\"nectar-fancy-ul\" data-list-icon=\"none\" data-animation=\"false\" data-animation-delay=\"0\" data-color=\"accent-color\" data-alignment=\"left\"> \n<ul>\n<li>\n<p><strong>T\u00e9l\u00e9chargez notre appli<\/strong><\/p>\n<\/li>\n<li>\n<p><strong>Enregistrez votre EV<\/strong><\/p>\n<\/li>\n<li>\n<p><strong>D\u00e9finissez votre service, vos r\u00e8gles, vos prix et votre disponibilit\u00e9<\/strong><\/p>\n<\/li>\n<li>\n<p><strong>Acceptez les demandes, rencontrez et formez les locataires<\/strong><\/p>\n<\/li>\n<li>\n<p><strong>R\u00e9cup\u00e9rez votre argent, \u00e9valuez et \u00e9valuez<\/strong><\/p>\n<\/li>\n<\/ul>\n <\/div>[nectar_btn size=\u00a0\u00bbsmall\u00a0\u00bb button_style=\u00a0\u00bbregular\u00a0\u00bb button_color_2=\u00a0\u00bbAccent-Color\u00a0\u00bb icon_family=\u00a0\u00bbnone\u00a0\u00bb text=\u00a0\u00bbT\u00c9L\u00c9CHARGEZ L&rsquo;APPLICATION\u00a0\u00bb url=\u00a0\u00bbhttps:\/\/apps.apple.com\/jm\/app\/evoto-Rentals\/id1572792026&Prime;][\/vc_column][\/vc_row]\n","protected":false},"excerpt":{"rendered":"<p>[vc_row type=\u00a0\u00bbfull_width_content\u00a0\u00bb full_screen_row_position=\u00a0\u00bbmiddle\u00a0\u00bb bg_color=\u00a0\u00bb#000000&Prime; scene_position=\u00a0\u00bbcenter\u00a0\u00bb text_color=\u00a0\u00bblight\u00a0\u00bb text_align=\u00a0\u00bbcenter\u00a0\u00bb top_padding=\u00a0\u00bb2%\u00a0\u00bb bottom_padding=\u00a0\u00bb2%\u00a0\u00bb overlay_strength=\u00a0\u00bb0.3&Prime; shape_divider_position=\u00a0\u00bbbottom\u00a0\u00bb bg_image_animation=\u00a0\u00bbnone\u00a0\u00bb shape_type=\u00a0\u00bb\u00a0\u00bb][vc_column column_padding=\u00a0\u00bbno-extra-padding\u00a0\u00bb column_padding_position=\u00a0\u00bball\u00a0\u00bb background_color_opacity=\u00a0\u00bb1&Prime; background_hover_color_opacity=\u00a0\u00bb1&Prime; column_link_target=\u00a0\u00bb_self\u00a0\u00bb column_shadow=\u00a0\u00bbnone\u00a0\u00bb column_border_radius=\u00a0\u00bbnone\u00a0\u00bb width=\u00a0\u00bb1\/1&Prime; tablet_width_inherit=\u00a0\u00bbdefault\u00a0\u00bb tablet_text_alignment=\u00a0\u00bbdefault\u00a0\u00bb phone_text_alignment=\u00a0\u00bbdefault\u00a0\u00bb column_border_width=\u00a0\u00bbnone\u00a0\u00bb column_border_style=\u00a0\u00bbsolid\u00a0\u00bb bg_image_animation=\u00a0\u00bbnone\u00a0\u00bb][vc_custom_heading text=\u00a0\u00bbT\u00c9L\u00c9CHARGEZ L&rsquo;APPLICATION EVOTO (BETA)\u00a0\u00bb font_container=\u00a0\u00bbtag:h4|text_align:center|color:%23ffffff\u00a0\u00bb use_theme_fonts=\u00a0\u00bbyes\u00a0\u00bb][nectar_btn size=\u00a0\u00bbsmall\u00a0\u00bb button_style=\u00a0\u00bbregular\u00a0\u00bb button_color_2=\u00a0\u00bbAccent-Color\u00a0\u00bb icon_family=\u00a0\u00bbnone\u00a0\u00bb text=\u00a0\u00bbT\u00c9L\u00c9CHARGEZ L&rsquo;APPLICATION\u00a0\u00bb url=\u00a0\u00bbhttps:\/\/apps.apple.com\/jm\/app\/evoto-Rentals\/id1572792026&Prime;][\/vc_column][\/vc_row][vc_row type=\u00a0\u00bbfull_width_content\u00a0\u00bb full_screen_row_position=\u00a0\u00bbmiddle\u00a0\u00bb equal_height=\u00a0\u00bbyes\u00a0\u00bb bg_color=\u00a0\u00bb#ffffff\u00a0\u00bb scene_position=\u00a0\u00bbcenter\u00a0\u00bb text_color=\u00a0\u00bbcustom\u00a0\u00bb custom_text_color=\u00a0\u00bb#000000&Prime; text_align=\u00a0\u00bbleft\u00a0\u00bb top_padding=\u00a0\u00bb2%\u00a0\u00bb overlay_strength=\u00a0\u00bb0.3&Prime; shape_divider_position=\u00a0\u00bbbottom\u00a0\u00bb bg_image_animation=\u00a0\u00bbnone\u00a0\u00bb shape_type=\u00a0\u00bb\u00a0\u00bb][vc_column column_padding=\u00a0\u00bbno-extra-padding\u00a0\u00bb column_padding_position=\u00a0\u00bball\u00a0\u00bb background_color_opacity=\u00a0\u00bb1&Prime; background_hover_color_opacity=\u00a0\u00bb1&Prime; column_link_target=\u00a0\u00bb_self\u00a0\u00bb column_shadow=\u00a0\u00bbnone\u00a0\u00bb column_border_radius=\u00a0\u00bbnone\u00a0\u00bb width=\u00a0\u00bb1\/1&Prime; tablet_width_inherit=\u00a0\u00bbdefault\u00a0\u00bb tablet_text_alignment=\u00a0\u00bbdefault\u00a0\u00bb phone_text_alignment=\u00a0\u00bbdefault\u00a0\u00bb column_border_width=\u00a0\u00bbnone\u00a0\u00bb column_border_style=\u00a0\u00bbsolid\u00a0\u00bb bg_image_animation=\u00a0\u00bbnone\u00a0\u00bb][vc_custom_heading text=\u00a0\u00bbLe partage, c\u2019est l\u2019entraide\u00a0\u00bb font_container=\u00a0\u00bbtag:h2|text_align:center|color:%23dd3333&Prime; use_theme_fonts=\u00a0\u00bbyes\u00a0\u00bb][vc_column_text] Les voitures ne sont pas utilis\u00e9es 90%&#8230;<\/p>\n","protected":false},"author":2,"featured_media":0,"parent":0,"menu_order":0,"comment_status":"closed","ping_status":"closed","template":"","meta":{"footnotes":""},"class_list":["post-6841","page","type-page","status-publish"],"_links":{"self":[{"href":"https:\/\/www.evoto.ca\/fr\/wp-json\/wp\/v2\/pages\/6841","targetHints":{"allow":["GET"]}}],"collection":[{"href":"https:\/\/www.evoto.ca\/fr\/wp-json\/wp\/v2\/pages"}],"about":[{"href":"https:\/\/www.evoto.ca\/fr\/wp-json\/wp\/v2\/types\/page"}],"author":[{"embeddable":true,"href":"https:\/\/www.evoto.ca\/fr\/wp-json\/wp\/v2\/users\/2"}],"replies":[{"embeddable":true,"href":"https:\/\/www.evoto.ca\/fr\/wp-json\/wp\/v2\/comments?post=6841"}],"version-history":[{"count":7,"href":"https:\/\/www.evoto.ca\/fr\/wp-json\/wp\/v2\/pages\/6841\/revisions"}],"predecessor-version":[{"id":7361,"href":"https:\/\/www.evoto.ca\/fr\/wp-json\/wp\/v2\/pages\/6841\/revisions\/7361"}],"wp:attachment":[{"href":"https:\/\/www.evoto.ca\/fr\/wp-json\/wp\/v2\/media?parent=6841"}],"curies":[{"name":"wp","href":"https:\/\/api.w.org\/{rel}","templated":true}]}}